{"id":1623,"date":"2023-10-19T14:34:44","date_gmt":"2023-10-19T14:34:44","guid":{"rendered":"https:\/\/usemerge.com\/?page_id=1623"},"modified":"2024-01-23T15:26:35","modified_gmt":"2024-01-23T15:26:35","slug":"cookie-policy","status":"publish","type":"page","link":"https:\/\/usemerge.com\/de\/cookie-policy\/","title":{"rendered":"Cookie-Richtlinie"},"content":{"rendered":"<div data-elementor-type=\"wp-page\" data-elementor-id=\"1623\" class=\"elementor elementor-1623\" data-elementor-post-type=\"page\">\n\t\t\t\t\t\t<section class=\"elementor-section elementor-top-section elementor-element elementor-element-46f6eff8 elementor-section-boxed elementor-section-height-default elementor-section-height-default\" data-id=\"46f6eff8\" data-element_type=\"section\" data-e-type=\"section\">\n\t\t\t\t\t\t<div class=\"elementor-container elementor-column-gap-default\">\n\t\t\t\t\t<div class=\"elementor-column elementor-col-100 elementor-top-column elementor-element elementor-element-11bed792\" data-id=\"11bed792\" data-element_type=\"column\" data-e-type=\"column\">\n\t\t\t<div class=\"elementor-widget-wrap elementor-element-populated\">\n\t\t\t\t\t\t<div class=\"elementor-element elementor-element-5d616871 elementor-widget elementor-widget-text-editor\" data-id=\"5d616871\" data-element_type=\"widget\" data-e-type=\"widget\" data-widget_type=\"text-editor.default\">\n\t\t\t\t<div class=\"elementor-widget-container\">\n\t\t\t\t\t\t\t\t\t<p><\/p>\n<h1 class=\"wp-block-heading\">Cookie-Richtlinie<\/h1>\n<p><span style=\"font-weight: 400;\">Willkommen bei Merge und unserer Website unter www.usemerge.com. Diese Cookie-Richtlinie bietet weitere Informationen zu den Cookies und \u00e4hnlichen Technologien, die wir, die Michel Ibele &amp; Raphael Ibele GbR, nutzen\u00a0<\/span><\/p>\n<p><span style=\"font-weight: 400;\">Marderweg 1, Vogt 88267, Deutschland (\u201eMerge\u201c, \u201ewir\u201c, \u201euns\u201c oder \u201eunser\u201c), Verwendung sowie Informationen zum Ablehnen und Deaktivieren\/L\u00f6schen von Cookies.\u00a0<\/span><\/p>\n<p><span style=\"font-weight: 400;\">Wenn Sie Fragen zu dieser Richtlinie oder unseren Datenschutzpraktiken haben, kontaktieren Sie uns bitte unter raphael@usemerge.com, rufen Sie +44(0)15206317487 an oder schreiben Sie uns an die oben genannte Adresse.<\/span><\/p>\n<p><b>Warum haben wir eine Cookie-Richtlinie?<\/b><\/p>\n<p><span style=\"font-weight: 400;\">Diese Cookie-Richtlinie steht im Einklang mit dem deutschen Datenschutzgesetz f\u00fcr Telekommunikation und Telemedien (\u201eTTDSG\u201c) und der EU-Richtlinie zum Datenschutz und zur elektronischen Kommunikation (\u201ePECD\u201c). Dementsprechend m\u00fcssen wir Sie \u00fcber die von uns verwendeten Cookies informieren und Ihre Zustimmung einholen, wenn wir bestimmte Arten von Cookies verwenden, n\u00e4mlich Funktions-, Leistungs-, Analyse- und Werbe-Cookies.<\/span><\/p>\n<p><b>Was sind Cookies?<\/b><\/p>\n<p><span style=\"font-weight: 400;\">Cookies sind kleine Dateien mit Konfigurationsinformationen, die auf Ihrem Ger\u00e4t gespeichert werden. Cookies k\u00f6nnen in die folgenden zwei gro\u00dfen Kategorien unterteilt werden:\u00a0<\/span><\/p>\n<ul>\n<li><i><span style=\"font-weight: 400;\">Technisch notwendige Cookies (wesentlich)<\/span><\/i><\/li>\n<\/ul>\n<p><span style=\"font-weight: 400;\">F\u00fcr die ordnungsgem\u00e4\u00dfe Funktion unserer Website sind technisch notwendige Cookies erforderlich; Sie erm\u00f6glichen Ihnen eine effiziente Navigation auf unserer Website und die Nutzung der Funktionsfunktionen. Ein Beispiel hierf\u00fcr ist die Erinnerung an k\u00fcrzlich durchgef\u00fchrte Aktionen (z. B. eingegebenen Text), wenn Sie innerhalb derselben Sitzung zu einer Seite zur\u00fcckkehren.<\/span><\/p>\n<ul>\n<li><i><span style=\"font-weight: 400;\">Technisch nicht notwendige Cookies (Leistung, Funktion, Analyse, Werbung)<\/span><\/i><\/li>\n<\/ul>\n<p><span style=\"font-weight: 400;\">Technisch nicht notwendige Cookies sind f\u00fcr das ordnungsgem\u00e4\u00dfe Funktionieren unserer Website nicht erforderlich, erm\u00f6glichen es uns jedoch, den Inhalt unserer Website zu verbessern, Statistiken f\u00fcr interne Marktanalysezwecke zu erstellen, Ihnen ein personalisierteres Online-Erlebnis zu bieten oder zus\u00e4tzliche Funktionen bereitzustellen.\u00a0<\/span><\/p>\n<p><i><span style=\"font-weight: 400;\">Leistungscookies<\/span><\/i><span style=\"font-weight: 400;\"> erm\u00f6glichen es uns, Besuche und Einstiegsseiten zu z\u00e4hlen, was eine wichtige Informationsquelle zur Verbesserung unserer Website darstellt. Sie helfen uns zu wissen, welche Seiten am beliebtesten und welche am wenigsten beliebt sind, und zu sehen, wie sich Besucher auf der Website bewegen. Alle von diesen Cookies gesammelten Informationen werden aggregiert und sind anonym. Wenn Sie diesen Cookies nicht zustimmen, erfahren wir nicht, wann Sie unsere Website besucht haben, und k\u00f6nnen die Leistung unserer Website nicht \u00fcberwachen.<\/span><\/p>\n<p><i><span style=\"font-weight: 400;\">Funktionelle Cookies<\/span><\/i><span style=\"font-weight: 400;\"> Erm\u00f6glichen Sie der Website, verbesserte Funktionalit\u00e4t und Personalisierung anzubieten. Sie k\u00f6nnen von uns oder von Dritten festgelegt werden, deren Dienste wir auf unseren Seiten hinzugef\u00fcgt haben. Wenn Sie diese Cookies nicht zulassen, funktionieren einige oder alle dieser Dienste m\u00f6glicherweise nicht ordnungsgem\u00e4\u00df. Drittanbieter k\u00f6nnen Ihre Informationen, einschlie\u00dflich personenbezogener Daten, verarbeiten, wenn diese Cookies aktiviert sind.<\/span><\/p>\n<p><i><span style=\"font-weight: 400;\">Analytische Cookies <\/span><\/i><span style=\"font-weight: 400;\">werden von Dritten genutzt. Diese Cookies erm\u00f6glichen es Dritten, zu erkennen, dass Sie unsere Website besucht haben. Wir und unsere Drittanbieter k\u00f6nnen die aus diesen Cookies erhaltenen Informationen auch mit personenbezogenen Daten kombinieren, die aus anderen Quellen verf\u00fcgbar sind, einschlie\u00dflich der \u00fcber Sie erfassten Daten, wenn Sie andere Websites nutzen, und der \u00fcber Sie erfassten Daten, wenn Sie offline sind, sei es auf unserer Website oder mit gespeicherten Daten durch den Drittanbieter.<\/span><\/p>\n<p><i><span style=\"font-weight: 400;\">Werbung <\/span><\/i><span style=\"font-weight: 400;\">Cookies k\u00f6nnen \u00fcber unsere Website von unseren Werbepartnern gesetzt werden. Sie k\u00f6nnen von diesen Unternehmen verwendet werden, um ein Profil Ihrer Interessen zu erstellen und Ihnen relevante Werbung auf anderen Websites anzuzeigen. Sie basieren auf der eindeutigen Identifizierung Ihres Browsertyps und der Art des von Ihnen verwendeten Internetger\u00e4ts. Wenn Sie diese Cookies nicht zulassen, erhalten Sie weniger zielgerichtete Werbung.<\/span><\/p>\n<p><span style=\"font-weight: 400;\">Innerhalb der beschriebenen Kategorien werden unterschiedliche Arten von Cookies verwendet und diese k\u00f6nnen unterteilt werden in:<\/span><i><\/i><\/p>\n<ul>\n<li style=\"font-weight: 400;\" aria-level=\"1\"><i><span style=\"font-weight: 400;\">Sitzungscookies<\/span><\/i><\/li>\n<\/ul>\n<p><span style=\"font-weight: 400;\">W\u00e4hrend Sie auf einer Website aktiv sind, wird vor\u00fcbergehend ein Sitzungscookie im Speicher Ihres Computers abgelegt, der beispielsweise eine Sitzungskennung speichert, um zu verhindern, dass Sie sich bei jedem Seitenwechsel erneut anmelden m\u00fcssen. Sitzungscookies werden beim Abmelden gel\u00f6scht oder verlieren ihre G\u00fcltigkeit, wenn ihre Sitzung automatisch abgelaufen ist.<\/span><i><\/i><\/p>\n<ul>\n<li style=\"font-weight: 400;\" aria-level=\"1\"><i><span style=\"font-weight: 400;\">Permanente oder dauerhafte Cookies<\/span><\/i><\/li>\n<\/ul>\n<p><span style=\"font-weight: 400;\">Ein dauerhaftes oder Protokoll-Cookie speichert eine Datei f\u00fcr den im Ablaufdatum angegebenen Zeitraum auf Ihrem Computer. Diese Cookies erm\u00f6glichen es Websites, sich bei Ihrem n\u00e4chsten Besuch an Ihre Informationen und Einstellungen zu erinnern. Dies f\u00fchrt zu einem schnelleren und komfortableren Zugriff, da Sie beispielsweise Ihre Spracheinstellungen f\u00fcr unser Portal nicht erneut festlegen m\u00fcssen. Wenn das Ablaufdatum abgelaufen ist, wird das Cookie automatisch gel\u00f6scht, wenn Sie die Website besuchen, die es erstellt hat.<\/span><i><\/i><\/p>\n<ul>\n<li style=\"font-weight: 400;\" aria-level=\"1\"><i><span style=\"font-weight: 400;\">Cookies von Drittanbietern<\/span><\/i><\/li>\n<\/ul>\n<p><span style=\"font-weight: 400;\">Drittanbieter-Cookies stammen von anderen Anbietern als dem Website-Betreiber. Beispielsweise k\u00f6nnen sie verwendet werden, um Informationen f\u00fcr Werbung, benutzerdefinierte Inhalte und Webstatistiken zu sammeln.<\/span><\/p>\n<p><i><span style=\"font-weight: 400;\">Google Analytics<\/span><\/i><\/p>\n<p><span style=\"font-weight: 400;\">Wir nutzen auf Grundlage unseres berechtigten Interesses und Ihrer Einwilligung Google Analytics, einen Webanalysedienst von <\/span><a href=\"https:\/\/policies.google.com\/privacy?hl=en-US\" target=\"_blank\" rel=\"noopener\"><span style=\"font-weight: 400;\">Google LLC<\/span><\/a><span style=\"font-weight: 400;\"> (Google LLC, 1600 Amphitheatre Parkway Mountain View, CA 94043, USA, und Google Ireland Limited Gordon House, Barrow Street, Dublin 4, Irland). Google Analytics verwendet Cookies auch, um unserer Website eine Analyse dar\u00fcber zu erm\u00f6glichen, wie Benutzer unsere Website \u00fcber mehrere Ger\u00e4te hinweg nutzen. Die durch die Cookies erzeugten Informationen \u00fcber Ihre Nutzung unserer Website werden an Google \u00fcbermittelt und von Google gespeichert, einschlie\u00dflich einer \u00dcbermittlung in die USA. Durch den Einsatz von Google Analytics werden folgende Daten verarbeitet: i) 3 Byte der IP-Adresse des aufgerufenen Systems des Websitebesuchers (anonymisierte IP-Adresse), ii) die aufgerufene Website, iii) die Website, von der der Nutzer gelangt ist die aufgerufene Seite unserer Website (Referrer), iv) die von der Website aus aufgerufenen Unterseiten, v) die auf der Website verbrachte Zeit und vi) die H\u00e4ufigkeit, mit der die Website aufgerufen wird. Google gibt an, dass Ihre IP-Adresse nicht in Verbindung gebracht wird mit ggf. weiteren von Google gespeicherten Daten. Die Nutzung dieses Dienstes erfolgt auf Grundlage Ihrer Einwilligung.<\/span><\/p>\n<p><i><span style=\"font-weight: 400;\">Google-Anzeigen<\/span><\/i><\/p>\n<p><span style=\"font-weight: 400;\">Wir nutzen Google Ads, einen Online-Werbedienst von <\/span><a href=\"https:\/\/policies.google.com\/privacy?hl=en-US\" target=\"_blank\" rel=\"noopener\"><span style=\"font-weight: 400;\">Google LLC<\/span><\/a><span style=\"font-weight: 400;\">. Google Ads erm\u00f6glicht uns die Schaltung von Werbeanzeigen in der Google-Suchmaschine oder auf Websites Dritter, wenn der Nutzer bestimmte Suchbegriffe bei Google eingibt (Keyword-Targeting). Dar\u00fcber hinaus k\u00f6nnen auf Basis der bei Google verf\u00fcgbaren Nutzerdaten (z. B. Standortdaten und Interessen) zielgerichtete Werbeanzeigen geschaltet werden (Zielgruppen-Targeting). Mit Hilfe von Google Ads k\u00f6nnen wir diese Daten quantitativ auswerten, beispielsweise welche Suchbegriffe zur Einblendung unserer Werbeanzeigen gef\u00fchrt haben und wie viele Anzeigen zu entsprechenden Klicks gef\u00fchrt haben. Die Nutzung dieses Dienstes erfolgt auf Grundlage Ihrer Einwilligung.<\/span><\/p>\n<p><i><span style=\"font-weight: 400;\">Google Ads-Remarketing<\/span><\/i><\/p>\n<p><span style=\"font-weight: 400;\">Wir nutzen au\u00dferdem die Remarketing-Funktionen von Google Ads. Google Ads Remarketing erm\u00f6glicht es uns, Personen, die mit unseren Anzeigen und unserer Website interagieren, bestimmten Zielgruppen zuzuordnen und ihnen innerhalb des Google-Werbenetzwerks interessenbezogene Werbung anzuzeigen.<\/span><\/p>\n<p><span style=\"font-weight: 400;\">Dar\u00fcber hinaus k\u00f6nnen die von uns mithilfe von Google Ads Remarketing erstellten Werbezielgruppen mit den ger\u00e4te\u00fcbergreifenden Funktionen von Google verkn\u00fcpft werden. Dadurch kann interessenbezogene, personalisierte Werbung (also Werbung, die in Abh\u00e4ngigkeit Ihres bisherigen Nutzungs- und Surfverhaltens an Sie angepasst wird) auch auf einem anderen Ihrer Endger\u00e4te (z. B. Tablet oder PC) angezeigt werden. Die Nutzung dieses Dienstes erfolgt auf Grundlage Ihrer Einwilligung.<\/span><\/p>\n<p><i><span style=\"font-weight: 400;\">Google Conversion-Tracking<\/span><\/i><\/p>\n<p><span style=\"font-weight: 400;\">Wir nutzen au\u00dferdem Google Conversion Tracking. Mit Hilfe des Google Conversion-Trackings k\u00f6nnen wir und Google erkennen, ob der Nutzer bestimmte Aktionen durchgef\u00fchrt hat. So k\u00f6nnen wir beispielsweise auswerten, welche Buttons auf unserer Website wie oft angeklickt wurden und welche Produkte besonders h\u00e4ufig angesehen oder gekauft wurden. Diese Informationen werden zur Erstellung von Conversion-Statistiken verwendet. Au\u00dferdem erfahren wir die Gesamtanzahl der Nutzer, die auf unsere Anzeigen geklickt haben und welche Aktionen sie durchgef\u00fchrt haben. Wir erhalten keine Informationen, mit denen sich Nutzer pers\u00f6nlich identifizieren lassen. Google selbst verwendet zur Identifizierung Cookies oder vergleichbare Erkennungstechnologien. Die Nutzung dieses Dienstes erfolgt auf Grundlage Ihrer Einwilligung.<\/span><\/p>\n<p><i><span style=\"font-weight: 400;\">Pixel-Cookies und Tags<\/span><\/i><\/p>\n<p><span style=\"font-weight: 400;\">Wir verwenden sogenannte Pixel-Cookies und Tags (\u201ePixel-Cookies\u201c). Ein Pixel-Cookie ist ein Werbetool und besteht typischerweise aus einem JavaScript-Code-Snippet, das es uns erm\u00f6glicht, die Aktivit\u00e4ten der Besucher auf unserer Website zu verstehen und zu verfolgen. Zu diesem Zweck erheben und verarbeiten Pixel-Cookies Informationen \u00fcber Besucher unserer Website und das verwendete Ger\u00e4t (sog. Ereignisdaten).<\/span><\/p>\n<p><span style=\"font-weight: 400;\">Mithilfe von Pixel-Cookies erfasste Ereignisdaten dienen der zielgerichteten Ausrichtung unserer Werbung sowie der Verbesserung der Anzeigenbereitstellung und der personalisierten Werbung. Zu diesem Zweck werden die auf unserer Website mittels Pixel-Cookies erfassten Veranstaltungsdaten an den jeweiligen Betreiber des Pixel-Cookies \u00fcbermittelt und teilweise auch auf Ihrem Ger\u00e4t gespeichert. Dies geschieht jedoch nur mit Ihrer Einwilligung und wir und der jeweilige Betreiber des Pixel-Cookies gelten als gemeinsam Verantwortliche. F\u00fcr die weitere Verarbeitung der \u00fcbermittelten Event-Daten ist jedoch der jeweilige Betreiber des Pixel-Cookies alleiniger Verantwortlicher.<\/span><\/p>\n<p><span style=\"font-weight: 400;\">Weitere Informationen dar\u00fcber, wie der jeweilige Betreiber des Pixel-Cookies personenbezogene Daten verarbeitet, einschlie\u00dflich der Rechtsgrundlage, auf die er sich st\u00fctzt, und wie Sie Ihre Rechte geltend machen k\u00f6nnen, finden Sie in den folgenden Datenschutzrichtlinien: <\/span><a href=\"https:\/\/www.facebook.com\/privacy\/policy\/version\/20220104\/?paipv=0&amp;eav=AfbVpwBpEPEySvmi2m1knhTvvmIfHixxJ9_8RJ5IRM1FpsIIfZAbytq1jw1bJkHjj64&amp;wtsid=rdr_0w6luTHGqD3dOgV5k&amp;_rdr\" target=\"_blank\" rel=\"noopener\"><span style=\"font-weight: 400;\">Facebook<\/span><\/a><span style=\"font-weight: 400;\"> Und <\/span><a href=\"https:\/\/help.instagram.com\/155833707900388\" target=\"_blank\" rel=\"noopener\"><span style=\"font-weight: 400;\">Instagram<\/span><\/a><span style=\"font-weight: 400;\"> (beide von Meta Platforms Inc., 1 Hacker Way, Menlo Park, CA 94025, USA, oder wenn Sie in der EU ans\u00e4ssig sind, Facebook Ireland Ltd, 4 Grand Canal Square, Grand Canal Harbour, Dublin 2, Irland).<\/span><\/p>\n<p><i><span style=\"font-weight: 400;\">Lucky Orange<\/span><\/i><\/p>\n<p>Wir beauftragen Lucky Orange, diese anonymisierten Informationen zu verwenden, um die Nutzung der Website zu analysieren und Berichte \u00fcber die Website-Aktivit\u00e4ten zusammenzustellen. Auf diese Weise m\u00f6chten wir unsere Website f\u00fcr Sie attraktiver und informativer gestalten.<\/p>\n<p>Das Lucky Orange Tool arbeitet ohne Cookies und sammelt keine pers\u00f6nlichen Daten. Das Lucky Orange-Tool l\u00f6st andere Tags aus, die ihrerseits Daten sammeln k\u00f6nnen. Lucky Orange greift nicht auf diese Daten zu. Wenn eine Deaktivierung auf Domain- oder Cookie-Ebene vorgenommen wurde, bleibt diese f\u00fcr alle mit Lucky Orange implementierten Tracking-Tags bestehen. Die Rechtsgrundlage f\u00fcr diese Verarbeitung ist unser berechtigtes Interesse und Ihre Zustimmung.<\/p>\n<p><b>Abmelden<\/b><\/p>\n<p><i><span style=\"font-weight: 400;\">Google Analytics<\/span><\/i><\/p>\n<p><span style=\"font-weight: 400;\">Sie k\u00f6nnen das Tracking durch Google Analytics mit Wirkung f\u00fcr die Zukunft deaktivieren, indem Sie \u00fcber diesen Link das Browser-Add-on zur Deaktivierung von Google Analytics f\u00fcr Ihren aktuellen Webbrowser herunterladen und installieren <\/span><a href=\"http:\/\/tools.google.com\/dlpage\/gaoptout?hl=en\" target=\"_blank\" rel=\"noopener\"><span style=\"font-weight: 400;\">http:\/\/tools.google.com\/dlpage\/gaoptout?hl=en<\/span><\/a><span style=\"font-weight: 400;\">.\u00a0<\/span><\/p>\n<p><i><span style=\"font-weight: 400;\">Google Ads, Google Ads Remarketing, Google Conversion Tracking<\/span><\/i><\/p>\n<p><span style=\"font-weight: 400;\">Wenn Sie \u00fcber ein Google-Konto verf\u00fcgen, k\u00f6nnen Sie der personalisierten Werbung unter folgendem Link widersprechen: <\/span><a href=\"https:\/\/www.google.com\/settings\/ads\/onweb\/\" target=\"_blank\" rel=\"noopener\"><span style=\"font-weight: 400;\">https:\/\/www.google.com\/settings\/ads\/onweb\/<\/span><\/a><span style=\"font-weight: 400;\">.<\/span><\/p>\n<p><i><span style=\"font-weight: 400;\">Allgemein<\/span><\/i><\/p>\n<p><span style=\"font-weight: 400;\">Wenn Sie nicht an unserer Werbepersonalisierung oder unserem Retargeting\/Tracking teilnehmen m\u00f6chten, k\u00f6nnen Sie dem widersprechen <\/span><span style=\"font-weight: 400;\">Verhaltensbezogene Werbung auf den folgenden Websites: <\/span><a href=\"https:\/\/www.youronlinechoices.com\/\" target=\"_blank\" rel=\"noopener\"><span style=\"font-weight: 400;\">Ihre Online-Auswahl<\/span><\/a><span style=\"font-weight: 400;\">,<\/span> <a href=\"https:\/\/youradchoices.ca\/\" target=\"_blank\" rel=\"noopener\"><span style=\"font-weight: 400;\">Digital Advertising Alliance of Canada<\/span><\/a><span style=\"font-weight: 400;\">, <\/span><a href=\"https:\/\/optout.networkadvertising.org\/?c=1\" target=\"_blank\" rel=\"noopener\"><span style=\"font-weight: 400;\">Netzwerkwerbeinitiative<\/span><\/a><span style=\"font-weight: 400;\">, <\/span><a href=\"https:\/\/youradchoices.com\/\" target=\"_blank\" rel=\"noopener\"><span style=\"font-weight: 400;\">AdChoices<\/span><\/a><span style=\"font-weight: 400;\"> und das\u00a0<\/span><a href=\"https:\/\/www.youronlinechoices.eu\/\" target=\"_blank\" rel=\"noopener\"><span style=\"font-weight: 400;\">European Interactive Digital Advertising Alliance (nur Europa)<\/span><\/a><span style=\"font-weight: 400;\">.\u00a0<\/span><\/p>\n<p><i><span style=\"font-weight: 400;\">Facebook\u00a0<\/span><\/i><\/p>\n<p><span style=\"font-weight: 400;\">Wenn Sie nicht an nutzungsbasierter Werbung \u00fcber Facebook teilnehmen m\u00f6chten, k\u00f6nnen Sie hier widersprechen: <\/span><a href=\"https:\/\/www.facebook.com\/settings?tab=ads\" target=\"_blank\" rel=\"noopener\"><span style=\"font-weight: 400;\">https:\/\/www.facebook.com\/settings?tab=ads<\/span><\/a><span style=\"font-weight: 400;\">\u00a0<\/span><\/p>\n<p><i><span style=\"font-weight: 400;\">Instagram\u00a0<\/span><\/i><\/p>\n<p><span style=\"font-weight: 400;\">Wenn Sie nicht an nutzungsbasierter Werbung \u00fcber Instagram teilnehmen m\u00f6chten, k\u00f6nnen Sie Ihre Werbeeinstellungen wie folgt \u00e4ndern:<\/span> <a href=\"https:\/\/help.instagram.com\/911879456838933\" target=\"_blank\" rel=\"noopener\"><span style=\"font-weight: 400;\">https:\/\/help.instagram.com\/911879456838933<\/span><\/a><span style=\"font-weight: 400;\">\u00a0<\/span><\/p>\n<p><b>Wie kann ich Cookies l\u00f6schen oder blockieren?<\/b><\/p>\n<p><span style=\"font-weight: 400;\">Da Cookies nicht auf unserem System, sondern lokal auf Ihrem Computer\/Telefon\/Tablet gespeichert werden, k\u00f6nnen wir Cookies nicht abrufen oder l\u00f6schen. Sie k\u00f6nnen jedoch bestehende Cookies l\u00f6schen und die Verwendung von Cookies generell deaktivieren, indem Sie den folgenden Anweisungen folgen <\/span><a href=\"https:\/\/support.google.com\/chrome\/answer\/95647?hl=en-GB&amp;co=GENIE.Platform%3DDesktop\" target=\"_blank\" rel=\"noopener\"><span style=\"font-weight: 400;\">Google Chrome<\/span><\/a><span style=\"font-weight: 400;\">,<\/span> <a href=\"https:\/\/support.mozilla.org\/en-US\/kb\/clear-cookies-and-site-data-firefox\" target=\"_blank\" rel=\"noopener\"><span style=\"font-weight: 400;\">Mozilla Firefox<\/span><\/a><span style=\"font-weight: 400;\">,<\/span> <a href=\"https:\/\/support.microsoft.com\/en-us\/windows\/delete-and-manage-cookies-168dab11-0753-043d-7c16-ede5947fc64d\" target=\"_blank\" rel=\"noopener\"><span style=\"font-weight: 400;\">Microsoft Edge<\/span><\/a><span style=\"font-weight: 400;\">,<\/span> <a href=\"https:\/\/www.opera.com\/use-cases\/clean-browser-and-remove-trackers\" target=\"_blank\" rel=\"noopener\"><span style=\"font-weight: 400;\">Oper<\/span><\/a><span style=\"font-weight: 400;\">,<\/span> <a href=\"https:\/\/support.apple.com\/en-gb\/HT201265\" target=\"_blank\" rel=\"noopener\"><span style=\"font-weight: 400;\">Safari<\/span><\/a><span style=\"font-weight: 400;\">.<\/span><\/p>\n<p><b>Links zu anderen Websites<\/b><\/p>\n<p><span style=\"font-weight: 400;\">Bitte beachten Sie, dass wenn Sie einen Link von unserer Website zu einer Website eines Drittanbieters verwenden, diese Websites m\u00f6glicherweise auch neue Cookies setzen, die nicht dieser Richtlinie unterliegen. In solchen F\u00e4llen empfehlen wir Ihnen, die Cookie-Richtlinie auf der entsprechenden Website des Drittanbieters selbst zu konsultieren.<\/span><\/p>\n<p><b>G\u00fcltigkeit und Fragen<\/b><\/p>\n<p><span style=\"font-weight: 400;\">Diese Cookie-Richtlinie wurde zuletzt am Dienstag, 19. September 2023, aktualisiert und ist die aktuelle und g\u00fcltige Version. Wir weisen jedoch darauf hin, dass aufgrund tats\u00e4chlicher oder gesetzlicher \u00c4nderungen von Zeit zu Zeit eine \u00dcberarbeitung dieser Richtlinie erforderlich sein kann.\u00a0<\/span><\/p>\n<p><span style=\"font-weight: 400;\">Wenn Sie Fragen zu dieser Richtlinie oder unseren Datenschutzpraktiken haben, kontaktieren Sie uns bitte unter raphael@usemerge.com, rufen Sie +44(0)15206317487 an oder schreiben Sie uns an die oben genannte Adresse.<\/span><\/p>\n<p><\/p>\n<p><script id=\"CookieDeclaration\" src=\"https:\/\/consent.cookiebot.com\/ae1c42a5-960b-4f89-a537-45a0e34f722e\/cd.js\" type=\"text\/javascript\" async><\/script><\/p>\t\t\t\t\t\t\t\t<\/div>\n\t\t\t\t<\/div>\n\t\t\t\t\t<\/div>\n\t\t<\/div>\n\t\t\t\t\t<\/div>\n\t\t<\/section>\n\t\t\t\t<\/div>","protected":false},"excerpt":{"rendered":"<p>Cookie Policy Welcome to Merge and our website at www.usemerge.com. This Cookie Policy will provide more information about the cookies and similar technologies we, Michel Ibele &amp; Raphael Ibele GbR of\u00a0 Marderweg 1, Vogt 88267, Germany (\u201cMerge\u201d, \u201cwe\u201d, \u201cus\u201d, or \u201cour\u201d), use, as well as information on how to refuse and disable\/delete cookies.\u00a0 If you [&hellip;]<\/p>\n","protected":false},"author":1,"featured_media":0,"parent":0,"menu_order":0,"comment_status":"closed","ping_status":"open","template":"","meta":{"footnotes":""},"class_list":["post-1623","page","type-page","status-publish","hentry"],"_links":{"self":[{"href":"https:\/\/usemerge.com\/de\/wp-json\/wp\/v2\/pages\/1623","targetHints":{"allow":["GET"]}}],"collection":[{"href":"https:\/\/usemerge.com\/de\/wp-json\/wp\/v2\/pages"}],"about":[{"href":"https:\/\/usemerge.com\/de\/wp-json\/wp\/v2\/types\/page"}],"author":[{"embeddable":true,"href":"https:\/\/usemerge.com\/de\/wp-json\/wp\/v2\/users\/1"}],"replies":[{"embeddable":true,"href":"https:\/\/usemerge.com\/de\/wp-json\/wp\/v2\/comments?post=1623"}],"version-history":[{"count":16,"href":"https:\/\/usemerge.com\/de\/wp-json\/wp\/v2\/pages\/1623\/revisions"}],"predecessor-version":[{"id":2019,"href":"https:\/\/usemerge.com\/de\/wp-json\/wp\/v2\/pages\/1623\/revisions\/2019"}],"wp:attachment":[{"href":"https:\/\/usemerge.com\/de\/wp-json\/wp\/v2\/media?parent=1623"}],"curies":[{"name":"wp","href":"https:\/\/api.w.org\/{rel}","templated":true}]}}